{"id":1394,"date":"2020-04-23T17:07:00","date_gmt":"2020-04-23T19:07:00","guid":{"rendered":"https:\/\/estrategiadescomplicada.com.br\/?page_id=1394"},"modified":"2020-04-24T18:56:28","modified_gmt":"2020-04-24T20:56:28","slug":"home","status":"publish","type":"page","link":"https:\/\/estrategiadescomplicada.com.br\/fr\/home\/","title":{"rendered":"Home"},"content":{"rendered":"<p><a href=\"http:\/\/estrategiadescomplicada.com.br\/fr\/\"><br \/>\n\t\t\t\t\t\t\t<img loading=\"lazy\" decoding=\"async\" width=\"300\" height=\"148\" src=\"https:\/\/estrategiadescomplicada.com.br\/wp-content\/uploads\/2018\/10\/logo-2-300x148.png\" alt=\"\" srcset=\"https:\/\/estrategiadescomplicada.com.br\/wp-content\/uploads\/2018\/10\/logo-2-300x148.png 300w, https:\/\/estrategiadescomplicada.com.br\/wp-content\/uploads\/2018\/10\/logo-2.png 351w\" sizes=\"auto, (max-width: 300px) 100vw, 300px\" \/>\t\t\t\t\t\t\t\t<\/a><br \/>\n\t\t\t<a href=\"http:\/\/bureau-analise.com\" target=\"_blank\" role=\"button\" rel=\"noopener noreferrer\"><br \/>\n\t\t\t\t\t\tEntrar na An\u00e1lise.com<br \/>\n\t\t\t\t\t<\/a><br \/>\n\t\t\t<a href=\"http:\/\/happytrack.app\" target=\"_blank\" role=\"button\" rel=\"noopener noreferrer\"><br \/>\n\t\t\t\t\t\tConhecer a Startup<br \/>\n\t\t\t\t\t<\/a><br \/>\n\t\t\t<a href=\"http:\/\/estrategiadescomplicada.com.br\/fr\/\" role=\"button\"><br \/>\n\t\t\t\t\t\tAcessar o Blog<br \/>\n\t\t\t\t\t<\/a><\/p>","protected":false},"excerpt":{"rendered":"<p>Entrar na An\u00e1lise.com Conhecer a Startup Acessar o Blog<\/p>","protected":false},"author":1,"featured_media":0,"parent":0,"menu_order":0,"comment_status":"closed","ping_status":"closed","template":"page-fullwidth.php","meta":{"footnotes":""},"class_list":["post-1394","page","type-page","status-publish","hentry"],"yoast_head":"<!-- This site is optimized with the Yoast SEO plugin v27.2 - https:\/\/yoast.com\/product\/yoast-seo-wordpress\/ -->\n<title>Home &#8212; Estrat\u00e9gia Descomplicada<\/title>\n<meta name=\"robots\" content=\"index, follow, max-snippet:-1, max-image-preview:large, max-video-preview:-1\" \/>\n<link rel=\"canonical\" href=\"https:\/\/estrategiadescomplicada.com.br\/fr\/home\/\" \/>\n<meta property=\"og:locale\" content=\"fr_FR\" \/>\n<meta property=\"og:type\" content=\"article\" \/>\n<meta property=\"og:title\" content=\"Home &#8212; Estrat\u00e9gia Descomplicada\" \/>\n<meta property=\"og:description\" content=\"Entrar na An\u00e1lise.com Conhecer a Startup Acessar o Blog\" \/>\n<meta property=\"og:url\" content=\"https:\/\/estrategiadescomplicada.com.br\/fr\/home\/\" \/>\n<meta property=\"og:site_name\" content=\"Estrat\u00e9gia Descomplicada\" \/>\n<meta property=\"article:publisher\" content=\"https:\/\/www.facebook.com\/happytrack.br\" \/>\n<meta property=\"article:modified_time\" content=\"2020-04-24T20:56:28+00:00\" \/>\n<meta property=\"og:image\" content=\"https:\/\/estrategiadescomplicada.com.br\/wp-content\/uploads\/2018\/10\/logo-2-300x148.png\" \/>\n<meta name=\"twitter:card\" content=\"summary_large_image\" \/>\n<meta name=\"twitter:site\" content=\"@estrategiadesc1\" \/>\n<script type=\"application\/ld+json\" class=\"yoast-schema-graph\">{\"@context\":\"https:\/\/schema.org\",\"@graph\":[{\"@type\":\"WebPage\",\"@id\":\"https:\/\/estrategiadescomplicada.com.br\/home\/\",\"url\":\"https:\/\/estrategiadescomplicada.com.br\/home\/\",\"name\":\"Home &#8212; Estrat\u00e9gia Descomplicada\",\"isPartOf\":{\"@id\":\"https:\/\/estrategiadescomplicada.com.br\/#website\"},\"primaryImageOfPage\":{\"@id\":\"https:\/\/estrategiadescomplicada.com.br\/home\/#primaryimage\"},\"image\":{\"@id\":\"https:\/\/estrategiadescomplicada.com.br\/home\/#primaryimage\"},\"thumbnailUrl\":\"https:\/\/estrategiadescomplicada.com.br\/wp-content\/uploads\/2018\/10\/logo-2-300x148.png\",\"datePublished\":\"2020-04-23T19:07:00+00:00\",\"dateModified\":\"2020-04-24T20:56:28+00:00\",\"breadcrumb\":{\"@id\":\"https:\/\/estrategiadescomplicada.com.br\/home\/#breadcrumb\"},\"inLanguage\":\"fr-FR\",\"potentialAction\":[{\"@type\":\"ReadAction\",\"target\":[\"https:\/\/estrategiadescomplicada.com.br\/home\/\"]}]},{\"@type\":\"ImageObject\",\"inLanguage\":\"fr-FR\",\"@id\":\"https:\/\/estrategiadescomplicada.com.br\/home\/#primaryimage\",\"url\":\"https:\/\/estrategiadescomplicada.com.br\/wp-content\/uploads\/2018\/10\/logo-2-300x148.png\",\"contentUrl\":\"https:\/\/estrategiadescomplicada.com.br\/wp-content\/uploads\/2018\/10\/logo-2-300x148.png\"},{\"@type\":\"BreadcrumbList\",\"@id\":\"https:\/\/estrategiadescomplicada.com.br\/home\/#breadcrumb\",\"itemListElement\":[{\"@type\":\"ListItem\",\"position\":1,\"name\":\"In\u00edcio\",\"item\":\"https:\/\/estrategiadescomplicada.com.br\/\"},{\"@type\":\"ListItem\",\"position\":2,\"name\":\"Home\"}]},{\"@type\":\"WebSite\",\"@id\":\"https:\/\/estrategiadescomplicada.com.br\/#website\",\"url\":\"https:\/\/estrategiadescomplicada.com.br\/\",\"name\":\"Estrat\u00e9gia Descomplicada\",\"description\":\"Informa\u00e7\u00f5es para melhorar a Gest\u00e3o da Experi\u00eancia do Cliente\",\"publisher\":{\"@id\":\"https:\/\/estrategiadescomplicada.com.br\/#organization\"},\"potentialAction\":[{\"@type\":\"SearchAction\",\"target\":{\"@type\":\"EntryPoint\",\"urlTemplate\":\"https:\/\/estrategiadescomplicada.com.br\/?s={search_term_string}\"},\"query-input\":{\"@type\":\"PropertyValueSpecification\",\"valueRequired\":true,\"valueName\":\"search_term_string\"}}],\"inLanguage\":\"fr-FR\"},{\"@type\":\"Organization\",\"@id\":\"https:\/\/estrategiadescomplicada.com.br\/#organization\",\"name\":\"Estrat\u00e9gia Descomplicada\",\"url\":\"https:\/\/estrategiadescomplicada.com.br\/\",\"logo\":{\"@type\":\"ImageObject\",\"inLanguage\":\"fr-FR\",\"@id\":\"https:\/\/estrategiadescomplicada.com.br\/#\/schema\/logo\/image\/\",\"url\":\"https:\/\/estrategiadescomplicada.com.br\/wp-content\/uploads\/2018\/10\/logo-estrategia-descomplicada-1-2-e1539181326483.png\",\"contentUrl\":\"https:\/\/estrategiadescomplicada.com.br\/wp-content\/uploads\/2018\/10\/logo-estrategia-descomplicada-1-2-e1539181326483.png\",\"width\":500,\"height\":246,\"caption\":\"Estrat\u00e9gia Descomplicada\"},\"image\":{\"@id\":\"https:\/\/estrategiadescomplicada.com.br\/#\/schema\/logo\/image\/\"},\"sameAs\":[\"https:\/\/www.facebook.com\/happytrack.br\",\"https:\/\/x.com\/estrategiadesc1\"]}]}<\/script>\n<!-- \/ Yoast SEO plugin. -->","yoast_head_json":{"title":"Home &#8212; Estrat\u00e9gia Descomplicada","robots":{"index":"index","follow":"follow","max-snippet":"max-snippet:-1","max-image-preview":"max-image-preview:large","max-video-preview":"max-video-preview:-1"},"canonical":"https:\/\/estrategiadescomplicada.com.br\/fr\/home\/","og_locale":"fr_FR","og_type":"article","og_title":"Home &#8212; Estrat\u00e9gia Descomplicada","og_description":"Entrar na An\u00e1lise.com Conhecer a Startup Acessar o Blog","og_url":"https:\/\/estrategiadescomplicada.com.br\/fr\/home\/","og_site_name":"Estrat\u00e9gia Descomplicada","article_publisher":"https:\/\/www.facebook.com\/happytrack.br","article_modified_time":"2020-04-24T20:56:28+00:00","og_image":[{"url":"https:\/\/estrategiadescomplicada.com.br\/wp-content\/uploads\/2018\/10\/logo-2-300x148.png","type":"","width":"","height":""}],"twitter_card":"summary_large_image","twitter_site":"@estrategiadesc1","schema":{"@context":"https:\/\/schema.org","@graph":[{"@type":"WebPage","@id":"https:\/\/estrategiadescomplicada.com.br\/home\/","url":"https:\/\/estrategiadescomplicada.com.br\/home\/","name":"Home &#8212; Estrat\u00e9gia Descomplicada","isPartOf":{"@id":"https:\/\/estrategiadescomplicada.com.br\/#website"},"primaryImageOfPage":{"@id":"https:\/\/estrategiadescomplicada.com.br\/home\/#primaryimage"},"image":{"@id":"https:\/\/estrategiadescomplicada.com.br\/home\/#primaryimage"},"thumbnailUrl":"https:\/\/estrategiadescomplicada.com.br\/wp-content\/uploads\/2018\/10\/logo-2-300x148.png","datePublished":"2020-04-23T19:07:00+00:00","dateModified":"2020-04-24T20:56:28+00:00","breadcrumb":{"@id":"https:\/\/estrategiadescomplicada.com.br\/home\/#breadcrumb"},"inLanguage":"fr-FR","potentialAction":[{"@type":"ReadAction","target":["https:\/\/estrategiadescomplicada.com.br\/home\/"]}]},{"@type":"ImageObject","inLanguage":"fr-FR","@id":"https:\/\/estrategiadescomplicada.com.br\/home\/#primaryimage","url":"https:\/\/estrategiadescomplicada.com.br\/wp-content\/uploads\/2018\/10\/logo-2-300x148.png","contentUrl":"https:\/\/estrategiadescomplicada.com.br\/wp-content\/uploads\/2018\/10\/logo-2-300x148.png"},{"@type":"BreadcrumbList","@id":"https:\/\/estrategiadescomplicada.com.br\/home\/#breadcrumb","itemListElement":[{"@type":"ListItem","position":1,"name":"In\u00edcio","item":"https:\/\/estrategiadescomplicada.com.br\/"},{"@type":"ListItem","position":2,"name":"Home"}]},{"@type":"WebSite","@id":"https:\/\/estrategiadescomplicada.com.br\/#website","url":"https:\/\/estrategiadescomplicada.com.br\/","name":"Estrat\u00e9gia Descomplicada","description":"Informa\u00e7\u00f5es para melhorar a Gest\u00e3o da Experi\u00eancia do Cliente","publisher":{"@id":"https:\/\/estrategiadescomplicada.com.br\/#organization"},"potentialAction":[{"@type":"SearchAction","target":{"@type":"EntryPoint","urlTemplate":"https:\/\/estrategiadescomplicada.com.br\/?s={search_term_string}"},"query-input":{"@type":"PropertyValueSpecification","valueRequired":true,"valueName":"search_term_string"}}],"inLanguage":"fr-FR"},{"@type":"Organization","@id":"https:\/\/estrategiadescomplicada.com.br\/#organization","name":"Estrat\u00e9gia Descomplicada","url":"https:\/\/estrategiadescomplicada.com.br\/","logo":{"@type":"ImageObject","inLanguage":"fr-FR","@id":"https:\/\/estrategiadescomplicada.com.br\/#\/schema\/logo\/image\/","url":"https:\/\/estrategiadescomplicada.com.br\/wp-content\/uploads\/2018\/10\/logo-estrategia-descomplicada-1-2-e1539181326483.png","contentUrl":"https:\/\/estrategiadescomplicada.com.br\/wp-content\/uploads\/2018\/10\/logo-estrategia-descomplicada-1-2-e1539181326483.png","width":500,"height":246,"caption":"Estrat\u00e9gia Descomplicada"},"image":{"@id":"https:\/\/estrategiadescomplicada.com.br\/#\/schema\/logo\/image\/"},"sameAs":["https:\/\/www.facebook.com\/happytrack.br","https:\/\/x.com\/estrategiadesc1"]}]}},"_links":{"self":[{"href":"https:\/\/estrategiadescomplicada.com.br\/fr\/wp-json\/wp\/v2\/pages\/1394","targetHints":{"allow":["GET"]}}],"collection":[{"href":"https:\/\/estrategiadescomplicada.com.br\/fr\/wp-json\/wp\/v2\/pages"}],"about":[{"href":"https:\/\/estrategiadescomplicada.com.br\/fr\/wp-json\/wp\/v2\/types\/page"}],"author":[{"embeddable":true,"href":"https:\/\/estrategiadescomplicada.com.br\/fr\/wp-json\/wp\/v2\/users\/1"}],"replies":[{"embeddable":true,"href":"https:\/\/estrategiadescomplicada.com.br\/fr\/wp-json\/wp\/v2\/comments?post=1394"}],"version-history":[{"count":0,"href":"https:\/\/estrategiadescomplicada.com.br\/fr\/wp-json\/wp\/v2\/pages\/1394\/revisions"}],"wp:attachment":[{"href":"https:\/\/estrategiadescomplicada.com.br\/fr\/wp-json\/wp\/v2\/media?parent=1394"}],"curies":[{"name":"wp","href":"https:\/\/api.w.org\/{rel}","templated":true}]}}