{"id":2138,"date":"2021-06-27T20:19:48","date_gmt":"2021-06-27T22:19:48","guid":{"rendered":"https:\/\/estrategiadescomplicada.com.br\/?page_id=2138"},"modified":"2021-06-27T20:19:50","modified_gmt":"2021-06-27T22:19:50","slug":"livro","status":"publish","type":"page","link":"https:\/\/estrategiadescomplicada.com.br\/fr\/livro\/","title":{"rendered":"Livro"},"content":{"rendered":"","protected":false},"excerpt":{"rendered":"","protected":false},"author":1,"featured_media":0,"parent":0,"menu_order":0,"comment_status":"closed","ping_status":"closed","template":"","meta":{"footnotes":""},"class_list":["post-2138","page","type-page","status-publish","hentry"],"yoast_head":"<!-- This site is optimized with the Yoast SEO plugin v27.2 - https:\/\/yoast.com\/product\/yoast-seo-wordpress\/ -->\n<title>Livro &#8212; Estrat\u00e9gia Descomplicada<\/title>\n<meta name=\"description\" content=\"Conhe\u00e7a o m\u00e9todo completo e pr\u00e1tico do pensamento estrat\u00e9gico para criar e gerenciar a melhor Experi\u00eancia para os seus Clientes. Compre j\u00e1!\" \/>\n<meta name=\"robots\" content=\"index, follow, max-snippet:-1, max-image-preview:large, max-video-preview:-1\" \/>\n<link rel=\"canonical\" href=\"https:\/\/estrategiadescomplicada.com.br\/fr\/livro\/\" \/>\n<meta property=\"og:locale\" content=\"fr_FR\" \/>\n<meta property=\"og:type\" content=\"article\" \/>\n<meta property=\"og:title\" content=\"Livro &#8212; Estrat\u00e9gia Descomplicada\" \/>\n<meta property=\"og:description\" content=\"Conhe\u00e7a o m\u00e9todo completo e pr\u00e1tico do pensamento estrat\u00e9gico para criar e gerenciar a melhor Experi\u00eancia para os seus Clientes. Compre j\u00e1!\" \/>\n<meta property=\"og:url\" content=\"https:\/\/estrategiadescomplicada.com.br\/fr\/livro\/\" \/>\n<meta property=\"og:site_name\" content=\"Estrat\u00e9gia Descomplicada\" \/>\n<meta property=\"article:publisher\" content=\"https:\/\/www.facebook.com\/happytrack.br\" \/>\n<meta property=\"article:modified_time\" content=\"2021-06-27T22:19:50+00:00\" \/>\n<meta property=\"og:image\" content=\"https:\/\/estrategiadescomplicada.com.br\/wp-content\/uploads\/2022\/01\/logo-3d-e1642248667725.png\" \/>\n\t<meta property=\"og:image:width\" content=\"286\" \/>\n\t<meta property=\"og:image:height\" content=\"218\" \/>\n\t<meta property=\"og:image:type\" content=\"image\/png\" \/>\n<meta name=\"twitter:card\" content=\"summary_large_image\" \/>\n<meta name=\"twitter:site\" content=\"@estrategiadesc1\" \/>\n<script type=\"application\/ld+json\" class=\"yoast-schema-graph\">{\"@context\":\"https:\/\/schema.org\",\"@graph\":[{\"@type\":\"WebPage\",\"@id\":\"https:\/\/estrategiadescomplicada.com.br\/fr\/livro\/\",\"url\":\"https:\/\/estrategiadescomplicada.com.br\/fr\/livro\/\",\"name\":\"Livro &#8212; Estrat\u00e9gia Descomplicada\",\"isPartOf\":{\"@id\":\"https:\/\/estrategiadescomplicada.com.br\/#website\"},\"datePublished\":\"2021-06-27T22:19:48+00:00\",\"dateModified\":\"2021-06-27T22:19:50+00:00\",\"description\":\"Conhe\u00e7a o m\u00e9todo completo e pr\u00e1tico do pensamento estrat\u00e9gico para criar e gerenciar a melhor Experi\u00eancia para os seus Clientes. Compre j\u00e1!\",\"breadcrumb\":{\"@id\":\"https:\/\/estrategiadescomplicada.com.br\/fr\/livro\/#breadcrumb\"},\"inLanguage\":\"fr-FR\",\"potentialAction\":[{\"@type\":\"ReadAction\",\"target\":[\"https:\/\/estrategiadescomplicada.com.br\/fr\/livro\/\"]}]},{\"@type\":\"BreadcrumbList\",\"@id\":\"https:\/\/estrategiadescomplicada.com.br\/fr\/livro\/#breadcrumb\",\"itemListElement\":[{\"@type\":\"ListItem\",\"position\":1,\"name\":\"In\u00edcio\",\"item\":\"https:\/\/estrategiadescomplicada.com.br\/\"},{\"@type\":\"ListItem\",\"position\":2,\"name\":\"Livro\"}]},{\"@type\":\"WebSite\",\"@id\":\"https:\/\/estrategiadescomplicada.com.br\/#website\",\"url\":\"https:\/\/estrategiadescomplicada.com.br\/\",\"name\":\"Estrat\u00e9gia Descomplicada\",\"description\":\"Informa\u00e7\u00f5es para melhorar a Gest\u00e3o da Experi\u00eancia do Cliente\",\"publisher\":{\"@id\":\"https:\/\/estrategiadescomplicada.com.br\/#organization\"},\"potentialAction\":[{\"@type\":\"SearchAction\",\"target\":{\"@type\":\"EntryPoint\",\"urlTemplate\":\"https:\/\/estrategiadescomplicada.com.br\/?s={search_term_string}\"},\"query-input\":{\"@type\":\"PropertyValueSpecification\",\"valueRequired\":true,\"valueName\":\"search_term_string\"}}],\"inLanguage\":\"fr-FR\"},{\"@type\":\"Organization\",\"@id\":\"https:\/\/estrategiadescomplicada.com.br\/#organization\",\"name\":\"Estrat\u00e9gia Descomplicada\",\"url\":\"https:\/\/estrategiadescomplicada.com.br\/\",\"logo\":{\"@type\":\"ImageObject\",\"inLanguage\":\"fr-FR\",\"@id\":\"https:\/\/estrategiadescomplicada.com.br\/#\/schema\/logo\/image\/\",\"url\":\"https:\/\/estrategiadescomplicada.com.br\/wp-content\/uploads\/2018\/10\/logo-estrategia-descomplicada-1-2-e1539181326483.png\",\"contentUrl\":\"https:\/\/estrategiadescomplicada.com.br\/wp-content\/uploads\/2018\/10\/logo-estrategia-descomplicada-1-2-e1539181326483.png\",\"width\":500,\"height\":246,\"caption\":\"Estrat\u00e9gia Descomplicada\"},\"image\":{\"@id\":\"https:\/\/estrategiadescomplicada.com.br\/#\/schema\/logo\/image\/\"},\"sameAs\":[\"https:\/\/www.facebook.com\/happytrack.br\",\"https:\/\/x.com\/estrategiadesc1\"]}]}<\/script>\n<!-- \/ Yoast SEO plugin. -->","yoast_head_json":{"title":"Livro &#8212; Estrat\u00e9gia Descomplicada","description":"Conhe\u00e7a o m\u00e9todo completo e pr\u00e1tico do pensamento estrat\u00e9gico para criar e gerenciar a melhor Experi\u00eancia para os seus Clientes. Compre j\u00e1!","robots":{"index":"index","follow":"follow","max-snippet":"max-snippet:-1","max-image-preview":"max-image-preview:large","max-video-preview":"max-video-preview:-1"},"canonical":"https:\/\/estrategiadescomplicada.com.br\/fr\/livro\/","og_locale":"fr_FR","og_type":"article","og_title":"Livro &#8212; Estrat\u00e9gia Descomplicada","og_description":"Conhe\u00e7a o m\u00e9todo completo e pr\u00e1tico do pensamento estrat\u00e9gico para criar e gerenciar a melhor Experi\u00eancia para os seus Clientes. Compre j\u00e1!","og_url":"https:\/\/estrategiadescomplicada.com.br\/fr\/livro\/","og_site_name":"Estrat\u00e9gia Descomplicada","article_publisher":"https:\/\/www.facebook.com\/happytrack.br","article_modified_time":"2021-06-27T22:19:50+00:00","og_image":[{"width":286,"height":218,"url":"https:\/\/estrategiadescomplicada.com.br\/wp-content\/uploads\/2022\/01\/logo-3d-e1642248667725.png","type":"image\/png"}],"twitter_card":"summary_large_image","twitter_site":"@estrategiadesc1","schema":{"@context":"https:\/\/schema.org","@graph":[{"@type":"WebPage","@id":"https:\/\/estrategiadescomplicada.com.br\/fr\/livro\/","url":"https:\/\/estrategiadescomplicada.com.br\/fr\/livro\/","name":"Livro &#8212; Estrat\u00e9gia Descomplicada","isPartOf":{"@id":"https:\/\/estrategiadescomplicada.com.br\/#website"},"datePublished":"2021-06-27T22:19:48+00:00","dateModified":"2021-06-27T22:19:50+00:00","description":"Conhe\u00e7a o m\u00e9todo completo e pr\u00e1tico do pensamento estrat\u00e9gico para criar e gerenciar a melhor Experi\u00eancia para os seus Clientes. Compre j\u00e1!","breadcrumb":{"@id":"https:\/\/estrategiadescomplicada.com.br\/fr\/livro\/#breadcrumb"},"inLanguage":"fr-FR","potentialAction":[{"@type":"ReadAction","target":["https:\/\/estrategiadescomplicada.com.br\/fr\/livro\/"]}]},{"@type":"BreadcrumbList","@id":"https:\/\/estrategiadescomplicada.com.br\/fr\/livro\/#breadcrumb","itemListElement":[{"@type":"ListItem","position":1,"name":"In\u00edcio","item":"https:\/\/estrategiadescomplicada.com.br\/"},{"@type":"ListItem","position":2,"name":"Livro"}]},{"@type":"WebSite","@id":"https:\/\/estrategiadescomplicada.com.br\/#website","url":"https:\/\/estrategiadescomplicada.com.br\/","name":"Estrat\u00e9gia Descomplicada","description":"Informa\u00e7\u00f5es para melhorar a Gest\u00e3o da Experi\u00eancia do Cliente","publisher":{"@id":"https:\/\/estrategiadescomplicada.com.br\/#organization"},"potentialAction":[{"@type":"SearchAction","target":{"@type":"EntryPoint","urlTemplate":"https:\/\/estrategiadescomplicada.com.br\/?s={search_term_string}"},"query-input":{"@type":"PropertyValueSpecification","valueRequired":true,"valueName":"search_term_string"}}],"inLanguage":"fr-FR"},{"@type":"Organization","@id":"https:\/\/estrategiadescomplicada.com.br\/#organization","name":"Estrat\u00e9gia Descomplicada","url":"https:\/\/estrategiadescomplicada.com.br\/","logo":{"@type":"ImageObject","inLanguage":"fr-FR","@id":"https:\/\/estrategiadescomplicada.com.br\/#\/schema\/logo\/image\/","url":"https:\/\/estrategiadescomplicada.com.br\/wp-content\/uploads\/2018\/10\/logo-estrategia-descomplicada-1-2-e1539181326483.png","contentUrl":"https:\/\/estrategiadescomplicada.com.br\/wp-content\/uploads\/2018\/10\/logo-estrategia-descomplicada-1-2-e1539181326483.png","width":500,"height":246,"caption":"Estrat\u00e9gia Descomplicada"},"image":{"@id":"https:\/\/estrategiadescomplicada.com.br\/#\/schema\/logo\/image\/"},"sameAs":["https:\/\/www.facebook.com\/happytrack.br","https:\/\/x.com\/estrategiadesc1"]}]}},"_links":{"self":[{"href":"https:\/\/estrategiadescomplicada.com.br\/fr\/wp-json\/wp\/v2\/pages\/2138","targetHints":{"allow":["GET"]}}],"collection":[{"href":"https:\/\/estrategiadescomplicada.com.br\/fr\/wp-json\/wp\/v2\/pages"}],"about":[{"href":"https:\/\/estrategiadescomplicada.com.br\/fr\/wp-json\/wp\/v2\/types\/page"}],"author":[{"embeddable":true,"href":"https:\/\/estrategiadescomplicada.com.br\/fr\/wp-json\/wp\/v2\/users\/1"}],"replies":[{"embeddable":true,"href":"https:\/\/estrategiadescomplicada.com.br\/fr\/wp-json\/wp\/v2\/comments?post=2138"}],"version-history":[{"count":2,"href":"https:\/\/estrategiadescomplicada.com.br\/fr\/wp-json\/wp\/v2\/pages\/2138\/revisions"}],"predecessor-version":[{"id":2142,"href":"https:\/\/estrategiadescomplicada.com.br\/fr\/wp-json\/wp\/v2\/pages\/2138\/revisions\/2142"}],"wp:attachment":[{"href":"https:\/\/estrategiadescomplicada.com.br\/fr\/wp-json\/wp\/v2\/media?parent=2138"}],"curies":[{"name":"wp","href":"https:\/\/api.w.org\/{rel}","templated":true}]}}