{"id":261,"date":"2017-11-25T23:38:08","date_gmt":"2017-11-25T23:38:08","guid":{"rendered":"http:\/\/www.estrategiadescomplicada.com.br\/?page_id=261"},"modified":"2017-11-25T23:38:08","modified_gmt":"2017-11-25T23:38:08","slug":"servicescape","status":"publish","type":"page","link":"https:\/\/estrategiadescomplicada.com.br\/fr\/servicescape\/","title":{"rendered":"Servicescape"},"content":{"rendered":"<div id=\"pl-261\"  class=\"panel-layout\" >\n<div id=\"pg-261-0\"  class=\"panel-grid panel-no-style\"  data-style=\"{&quot;background_display&quot;:&quot;tile&quot;,&quot;lsow_dark_bg&quot;:&quot;&quot;,&quot;cell_alignment&quot;:&quot;flex-start&quot;}\"  data-ratio=\"1\"  data-ratio-direction=\"right\" >\n<div id=\"pgc-261-0-0\"  class=\"panel-grid-cell\"  data-weight=\"1\" >\n<div id=\"panel-261-0-0-0\" class=\"so-panel widget widget_siteorigin-panels-postloop panel-first-child panel-last-child\" data-index=\"0\" data-style=\"{&quot;background_image_attachment&quot;:false,&quot;background_display&quot;:&quot;tile&quot;,&quot;link_color&quot;:&quot;#95110a&quot;}\" >[siteorigin_widget class=&#8221;SiteOrigin_Panels_Widgets_PostLoop&#8221;]<input type=\"hidden\" value=\"{&quot;instance&quot;:{&quot;title&quot;:&quot;Servicescape&quot;,&quot;template&quot;:&quot;template-parts\\\/content-search.php&quot;,&quot;posts&quot;:&quot;post_type=post&amp;tax_query=category:servicescape&amp;date_type=specific&amp;date_query={\\&quot;after\\&quot;:\\&quot;\\&quot;,\\&quot;before\\&quot;:\\&quot;\\&quot;}&amp;date_query_relative={\\&quot;from\\&quot;:[],\\&quot;to\\&quot;:[]}&amp;orderby=date&amp;order=DESC&amp;posts_per_page=10&quot;,&quot;_sow_form_id&quot;:&quot;5a19fe33a010a&quot;,&quot;_sow_form_timestamp&quot;:&quot;1511652986760&quot;,&quot;widget_logic&quot;:&quot;&quot;,&quot;more&quot;:false},&quot;args&quot;:{&quot;before_widget&quot;:&quot;&lt;div id=\\&quot;panel-261-0-0-0\\&quot; class=\\&quot;so-panel widget widget_siteorigin-panels-postloop panel-first-child panel-last-child\\&quot; data-index=\\&quot;0\\&quot; data-style=\\&quot;{&amp;quot;background_image_attachment&amp;quot;:false,&amp;quot;background_display&amp;quot;:&amp;quot;tile&amp;quot;,&amp;quot;link_color&amp;quot;:&amp;quot;#95110a&amp;quot;}\\&quot; &gt;&quot;,&quot;after_widget&quot;:&quot;&lt;\\\/div&gt;&quot;,&quot;before_title&quot;:&quot;&lt;h3 class=\\&quot;widget-title\\&quot;&gt;&quot;,&quot;after_title&quot;:&quot;&lt;\\\/h3&gt;&quot;,&quot;widget_id&quot;:&quot;widget-0-0-0&quot;}}\" \/>[\/siteorigin_widget]<\/div>\n<\/div>\n<\/div>\n<\/div>","protected":false},"excerpt":{"rendered":"<p>[siteorigin_widget class=&#8221;SiteOrigin_Panels_Widgets_PostLoop&#8221;][\/siteorigin_widget]<\/p>","protected":false},"author":1,"featured_media":0,"parent":0,"menu_order":0,"comment_status":"closed","ping_status":"closed","template":"","meta":{"footnotes":""},"class_list":["post-261","page","type-page","status-publish","hentry"],"yoast_head":"<!-- This site is optimized with the Yoast SEO plugin v27.2 - https:\/\/yoast.com\/product\/yoast-seo-wordpress\/ -->\n<title>Servicescape &#8212; Estrat\u00e9gia Descomplicada<\/title>\n<meta name=\"robots\" content=\"index, follow, max-snippet:-1, max-image-preview:large, max-video-preview:-1\" \/>\n<link rel=\"canonical\" href=\"https:\/\/estrategiadescomplicada.com.br\/fr\/servicescape\/\" \/>\n<meta property=\"og:locale\" content=\"fr_FR\" \/>\n<meta property=\"og:type\" content=\"article\" \/>\n<meta property=\"og:title\" content=\"Servicescape &#8212; Estrat\u00e9gia Descomplicada\" \/>\n<meta property=\"og:description\" content=\"[siteorigin_widget class=&#8221;SiteOrigin_Panels_Widgets_PostLoop&#8221;][\/siteorigin_widget]\" \/>\n<meta property=\"og:url\" content=\"https:\/\/estrategiadescomplicada.com.br\/fr\/servicescape\/\" \/>\n<meta property=\"og:site_name\" content=\"Estrat\u00e9gia Descomplicada\" \/>\n<meta property=\"article:publisher\" content=\"https:\/\/www.facebook.com\/happytrack.br\" \/>\n<meta property=\"og:image\" content=\"https:\/\/estrategiadescomplicada.com.br\/wp-content\/uploads\/2022\/01\/logo-3d-e1642248667725.png\" \/>\n\t<meta property=\"og:image:width\" content=\"286\" \/>\n\t<meta property=\"og:image:height\" content=\"218\" \/>\n\t<meta property=\"og:image:type\" content=\"image\/png\" \/>\n<meta name=\"twitter:card\" content=\"summary_large_image\" \/>\n<meta name=\"twitter:site\" content=\"@estrategiadesc1\" \/>\n<script type=\"application\/ld+json\" class=\"yoast-schema-graph\">{\"@context\":\"https:\/\/schema.org\",\"@graph\":[{\"@type\":\"WebPage\",\"@id\":\"https:\/\/estrategiadescomplicada.com.br\/fr\/servicescape\/\",\"url\":\"https:\/\/estrategiadescomplicada.com.br\/fr\/servicescape\/\",\"name\":\"Servicescape &#8212; Estrat\u00e9gia Descomplicada\",\"isPartOf\":{\"@id\":\"https:\/\/estrategiadescomplicada.com.br\/#website\"},\"datePublished\":\"2017-11-25T23:38:08+00:00\",\"breadcrumb\":{\"@id\":\"https:\/\/estrategiadescomplicada.com.br\/fr\/servicescape\/#breadcrumb\"},\"inLanguage\":\"fr-FR\",\"potentialAction\":[{\"@type\":\"ReadAction\",\"target\":[\"https:\/\/estrategiadescomplicada.com.br\/fr\/servicescape\/\"]}]},{\"@type\":\"BreadcrumbList\",\"@id\":\"https:\/\/estrategiadescomplicada.com.br\/fr\/servicescape\/#breadcrumb\",\"itemListElement\":[{\"@type\":\"ListItem\",\"position\":1,\"name\":\"In\u00edcio\",\"item\":\"https:\/\/estrategiadescomplicada.com.br\/\"},{\"@type\":\"ListItem\",\"position\":2,\"name\":\"Servicescape\"}]},{\"@type\":\"WebSite\",\"@id\":\"https:\/\/estrategiadescomplicada.com.br\/#website\",\"url\":\"https:\/\/estrategiadescomplicada.com.br\/\",\"name\":\"Estrat\u00e9gia Descomplicada\",\"description\":\"Informa\u00e7\u00f5es para melhorar a Gest\u00e3o da Experi\u00eancia do Cliente\",\"publisher\":{\"@id\":\"https:\/\/estrategiadescomplicada.com.br\/#organization\"},\"potentialAction\":[{\"@type\":\"SearchAction\",\"target\":{\"@type\":\"EntryPoint\",\"urlTemplate\":\"https:\/\/estrategiadescomplicada.com.br\/?s={search_term_string}\"},\"query-input\":{\"@type\":\"PropertyValueSpecification\",\"valueRequired\":true,\"valueName\":\"search_term_string\"}}],\"inLanguage\":\"fr-FR\"},{\"@type\":\"Organization\",\"@id\":\"https:\/\/estrategiadescomplicada.com.br\/#organization\",\"name\":\"Estrat\u00e9gia Descomplicada\",\"url\":\"https:\/\/estrategiadescomplicada.com.br\/\",\"logo\":{\"@type\":\"ImageObject\",\"inLanguage\":\"fr-FR\",\"@id\":\"https:\/\/estrategiadescomplicada.com.br\/#\/schema\/logo\/image\/\",\"url\":\"https:\/\/estrategiadescomplicada.com.br\/wp-content\/uploads\/2018\/10\/logo-estrategia-descomplicada-1-2-e1539181326483.png\",\"contentUrl\":\"https:\/\/estrategiadescomplicada.com.br\/wp-content\/uploads\/2018\/10\/logo-estrategia-descomplicada-1-2-e1539181326483.png\",\"width\":500,\"height\":246,\"caption\":\"Estrat\u00e9gia Descomplicada\"},\"image\":{\"@id\":\"https:\/\/estrategiadescomplicada.com.br\/#\/schema\/logo\/image\/\"},\"sameAs\":[\"https:\/\/www.facebook.com\/happytrack.br\",\"https:\/\/x.com\/estrategiadesc1\"]}]}<\/script>\n<!-- \/ Yoast SEO plugin. -->","yoast_head_json":{"title":"Servicescape &#8212; Estrat\u00e9gia Descomplicada","robots":{"index":"index","follow":"follow","max-snippet":"max-snippet:-1","max-image-preview":"max-image-preview:large","max-video-preview":"max-video-preview:-1"},"canonical":"https:\/\/estrategiadescomplicada.com.br\/fr\/servicescape\/","og_locale":"fr_FR","og_type":"article","og_title":"Servicescape &#8212; Estrat\u00e9gia Descomplicada","og_description":"[siteorigin_widget class=&#8221;SiteOrigin_Panels_Widgets_PostLoop&#8221;][\/siteorigin_widget]","og_url":"https:\/\/estrategiadescomplicada.com.br\/fr\/servicescape\/","og_site_name":"Estrat\u00e9gia Descomplicada","article_publisher":"https:\/\/www.facebook.com\/happytrack.br","og_image":[{"width":286,"height":218,"url":"https:\/\/estrategiadescomplicada.com.br\/wp-content\/uploads\/2022\/01\/logo-3d-e1642248667725.png","type":"image\/png"}],"twitter_card":"summary_large_image","twitter_site":"@estrategiadesc1","schema":{"@context":"https:\/\/schema.org","@graph":[{"@type":"WebPage","@id":"https:\/\/estrategiadescomplicada.com.br\/fr\/servicescape\/","url":"https:\/\/estrategiadescomplicada.com.br\/fr\/servicescape\/","name":"Servicescape &#8212; Estrat\u00e9gia Descomplicada","isPartOf":{"@id":"https:\/\/estrategiadescomplicada.com.br\/#website"},"datePublished":"2017-11-25T23:38:08+00:00","breadcrumb":{"@id":"https:\/\/estrategiadescomplicada.com.br\/fr\/servicescape\/#breadcrumb"},"inLanguage":"fr-FR","potentialAction":[{"@type":"ReadAction","target":["https:\/\/estrategiadescomplicada.com.br\/fr\/servicescape\/"]}]},{"@type":"BreadcrumbList","@id":"https:\/\/estrategiadescomplicada.com.br\/fr\/servicescape\/#breadcrumb","itemListElement":[{"@type":"ListItem","position":1,"name":"In\u00edcio","item":"https:\/\/estrategiadescomplicada.com.br\/"},{"@type":"ListItem","position":2,"name":"Servicescape"}]},{"@type":"WebSite","@id":"https:\/\/estrategiadescomplicada.com.br\/#website","url":"https:\/\/estrategiadescomplicada.com.br\/","name":"Estrat\u00e9gia Descomplicada","description":"Informa\u00e7\u00f5es para melhorar a Gest\u00e3o da Experi\u00eancia do Cliente","publisher":{"@id":"https:\/\/estrategiadescomplicada.com.br\/#organization"},"potentialAction":[{"@type":"SearchAction","target":{"@type":"EntryPoint","urlTemplate":"https:\/\/estrategiadescomplicada.com.br\/?s={search_term_string}"},"query-input":{"@type":"PropertyValueSpecification","valueRequired":true,"valueName":"search_term_string"}}],"inLanguage":"fr-FR"},{"@type":"Organization","@id":"https:\/\/estrategiadescomplicada.com.br\/#organization","name":"Estrat\u00e9gia Descomplicada","url":"https:\/\/estrategiadescomplicada.com.br\/","logo":{"@type":"ImageObject","inLanguage":"fr-FR","@id":"https:\/\/estrategiadescomplicada.com.br\/#\/schema\/logo\/image\/","url":"https:\/\/estrategiadescomplicada.com.br\/wp-content\/uploads\/2018\/10\/logo-estrategia-descomplicada-1-2-e1539181326483.png","contentUrl":"https:\/\/estrategiadescomplicada.com.br\/wp-content\/uploads\/2018\/10\/logo-estrategia-descomplicada-1-2-e1539181326483.png","width":500,"height":246,"caption":"Estrat\u00e9gia Descomplicada"},"image":{"@id":"https:\/\/estrategiadescomplicada.com.br\/#\/schema\/logo\/image\/"},"sameAs":["https:\/\/www.facebook.com\/happytrack.br","https:\/\/x.com\/estrategiadesc1"]}]}},"_links":{"self":[{"href":"https:\/\/estrategiadescomplicada.com.br\/fr\/wp-json\/wp\/v2\/pages\/261","targetHints":{"allow":["GET"]}}],"collection":[{"href":"https:\/\/estrategiadescomplicada.com.br\/fr\/wp-json\/wp\/v2\/pages"}],"about":[{"href":"https:\/\/estrategiadescomplicada.com.br\/fr\/wp-json\/wp\/v2\/types\/page"}],"author":[{"embeddable":true,"href":"https:\/\/estrategiadescomplicada.com.br\/fr\/wp-json\/wp\/v2\/users\/1"}],"replies":[{"embeddable":true,"href":"https:\/\/estrategiadescomplicada.com.br\/fr\/wp-json\/wp\/v2\/comments?post=261"}],"version-history":[{"count":0,"href":"https:\/\/estrategiadescomplicada.com.br\/fr\/wp-json\/wp\/v2\/pages\/261\/revisions"}],"wp:attachment":[{"href":"https:\/\/estrategiadescomplicada.com.br\/fr\/wp-json\/wp\/v2\/media?parent=261"}],"curies":[{"name":"wp","href":"https:\/\/api.w.org\/{rel}","templated":true}]}}